{"id":11,"date":"2018-11-12T12:00:04","date_gmt":"2018-11-12T11:00:04","guid":{"rendered":"http:\/\/agence-to-reach.fr\/?page_id=8"},"modified":"2022-09-07T14:19:56","modified_gmt":"2022-09-07T12:19:56","slug":"a-propos-de","status":"publish","type":"page","link":"https:\/\/atr.paris\/index.php\/a-propos-de\/","title":{"rendered":"\u00c0 propos de"},"content":{"rendered":"<p>ATR c&rsquo;est une \u00e9quipe d&rsquo;experts \u00e0 votre disposition pour toute missions sur le digital.<\/p>\n<p>L&rsquo;\u00e9quipe est compos\u00e9e de sp\u00e9cialistes tout-terrains mettant \u00e0 votre service toutes leur expertises glan\u00e9es dans les plus grandes agences parisiennes et\/ou aupr\u00e8s d&rsquo;annonceurs de grandes envergures aux probl\u00e9matiques les plus diverses.<\/p>\n<p>Notre seul objectif : r\u00e9pondre \u00e0 toutes vos probl\u00e9matiques d&rsquo;investissements publicitaires sur le digital, de production ou bien les probl\u00e9matiques d&rsquo;influences sur les r\u00e9seau sociaux.<\/p>\n<p>N&rsquo;h\u00e9sitez pas \u00e0 nous contacter sur contact@agence-to-reach.fr<\/p>\n","protected":false},"excerpt":{"rendered":"<p>ATR c&rsquo;est une \u00e9quipe d&rsquo;experts \u00e0 votre disposition pour toute missions sur le digital. L&rsquo;\u00e9quipe est compos\u00e9e de sp\u00e9cialistes tout-terrains mettant \u00e0 votre service toutes leur expertises glan\u00e9es dans les plus grandes agences parisiennes et\/ou aupr\u00e8s d&rsquo;annonceurs de grandes envergures aux probl\u00e9matiques les plus diverses. Notre seul objectif : r\u00e9pondre \u00e0 toutes vos probl\u00e9matiques d&rsquo;investissements &hellip; <\/p>\n<p class=\"link-more\"><a href=\"https:\/\/atr.paris\/index.php\/a-propos-de\/\" class=\"more-link\">Continuer la lecture<span class=\"screen-reader-text\"> de &laquo;&nbsp;\u00c0 propos de&nbsp;&raquo;<\/span><\/a><\/p>\n","protected":false},"author":1,"featured_media":34,"parent":0,"menu_order":0,"comment_status":"closed","ping_status":"closed","template":"","meta":[],"_links":{"self":[{"href":"https:\/\/atr.paris\/index.php\/wp-json\/wp\/v2\/pages\/11"}],"collection":[{"href":"https:\/\/atr.paris\/index.php\/wp-json\/wp\/v2\/pages"}],"about":[{"href":"https:\/\/atr.paris\/index.php\/wp-json\/wp\/v2\/types\/page"}],"author":[{"embeddable":true,"href":"https:\/\/atr.paris\/index.php\/wp-json\/wp\/v2\/users\/1"}],"replies":[{"embeddable":true,"href":"https:\/\/atr.paris\/index.php\/wp-json\/wp\/v2\/comments?post=11"}],"version-history":[{"count":1,"href":"https:\/\/atr.paris\/index.php\/wp-json\/wp\/v2\/pages\/11\/revisions"}],"predecessor-version":[{"id":70,"href":"https:\/\/atr.paris\/index.php\/wp-json\/wp\/v2\/pages\/11\/revisions\/70"}],"wp:featuredmedia":[{"embeddable":true,"href":"https:\/\/atr.paris\/index.php\/wp-json\/wp\/v2\/media\/34"}],"wp:attachment":[{"href":"https:\/\/atr.paris\/index.php\/wp-json\/wp\/v2\/media?parent=11"}],"curies":[{"name":"wp","href":"https:\/\/api.w.org\/{rel}","templated":true}]}}